{"id":1371,"date":"2025-02-20T17:44:05","date_gmt":"2025-02-20T16:44:05","guid":{"rendered":"http:\/\/hmondeg.cluster100.hosting.ovh.net\/?page_id=1371"},"modified":"2025-03-13T15:39:14","modified_gmt":"2025-03-13T14:39:14","slug":"politique-de-confidentialite-test","status":"publish","type":"page","link":"https:\/\/groupegh.com\/politique-de-confidentialite-test\/","title":{"rendered":"Politique de confidentialit\u00e9"},"content":{"rendered":"\t\t<div data-elementor-type=\"wp-page\" data-elementor-id=\"1371\" class=\"elementor elementor-1371\">\n\t\t\t\t<div class=\"elementor-element elementor-element-8b369f0 e-flex e-con-boxed e-con e-parent\" data-id=\"8b369f0\" data-element_type=\"container\" data-e-type=\"container\">\n\t\t\t\t\t<div class=\"e-con-inner\">\n\t\t\t\t<div class=\"elementor-element elementor-element-4ce635b elementor-widget elementor-widget-spacer\" data-id=\"4ce635b\" data-element_type=\"widget\" data-e-type=\"widget\" data-widget_type=\"spacer.default\">\n\t\t\t\t<div class=\"elementor-widget-container\">\n\t\t\t\t\t\t\t<div class=\"elementor-spacer\">\n\t\t\t<div class=\"elementor-spacer-inner\"><\/div>\n\t\t<\/div>\n\t\t\t\t\t\t<\/div>\n\t\t\t\t<\/div>\n\t\t\t\t\t<\/div>\n\t\t\t\t<\/div>\n\t\t<div class=\"elementor-element elementor-element-c832f65 e-flex e-con-boxed e-con e-parent\" data-id=\"c832f65\" data-element_type=\"container\" data-e-type=\"container\">\n\t\t\t\t\t<div class=\"e-con-inner\">\n\t\t<div class=\"elementor-element elementor-element-541947c e-con-full e-flex e-con e-child\" data-id=\"541947c\" data-element_type=\"container\" data-e-type=\"container\">\n\t\t\t\t<div class=\"elementor-element elementor-element-8520e65 elementor-widget elementor-widget-heading\" data-id=\"8520e65\" data-element_type=\"widget\" data-e-type=\"widget\" data-widget_type=\"heading.default\">\n\t\t\t\t<div class=\"elementor-widget-container\">\n\t\t\t\t\t<h1 class=\"elementor-heading-title elementor-size-default\">Politique de confidentialit\u00e9 <\/h1>\t\t\t\t<\/div>\n\t\t\t\t<\/div>\n\t\t\t\t<\/div>\n\t\t\t\t\t<\/div>\n\t\t\t\t<\/div>\n\t\t<div class=\"elementor-element elementor-element-9ebee20 e-flex e-con-boxed e-con e-parent\" data-id=\"9ebee20\" data-element_type=\"container\" data-e-type=\"container\" data-settings=\"{&quot;background_background&quot;:&quot;classic&quot;}\">\n\t\t\t\t\t<div class=\"e-con-inner\">\n\t\t\t\t<div class=\"elementor-element elementor-element-b9a83c7 elementor-widget elementor-widget-text-editor\" data-id=\"b9a83c7\" data-element_type=\"widget\" data-e-type=\"widget\" data-widget_type=\"text-editor.default\">\n\t\t\t\t<div class=\"elementor-widget-container\">\n\t\t\t\t\t\t\t\t\t<div id=\"wrapper\" class=\"site-wrapper defaultPage\"><main id=\"primary\" class=\"site-main\"><\/main><div class=\"container applyStyles\"><h3>1 \u2013 Utilisation du site<\/h3><p>L\u2019utilisation du site <a href=\"https:\/\/groupegh.com\/\">www.groupegh.com<\/a> implique l\u2019acceptation pleine et enti\u00e8re des pr\u00e9sentes conditions g\u00e9n\u00e9rales d\u2019utilisation.<\/p><h3>2 \u2013 Services fournis<\/h3><p>L\u2019objet du site <a href=\"https:\/\/groupegh.com\/\">www.groupegh.com<\/a> est la pr\u00e9sentation d\u2019informations concernant la soci\u00e9t\u00e9 Groupe GH, et la mise en relation des visiteurs avec une plateforme de recrutement.<\/p><p>Groupe GH ne pourra \u00eatre tenue responsable des omissions, des inexactitudes et des carences dans la mise \u00e0 jour du site, qu\u2019elles soient de son fait ou du fait des tiers partenaires qui lui fournissent ces informations, ni des \u00e9ventuels dommages indirects cons\u00e9cutifs \u00e0 l\u2019utilisation du site <a href=\"https:\/\/groupegh.com\/\">www.groupegh.com.<\/a><\/p><p>Tous les informations indiqu\u00e9es sur le site <a href=\"https:\/\/groupegh.com\/\">www.groupegh.com<\/a> sont donn\u00e9es \u00e0 titre indicatif, et sont susceptibles d\u2019\u00e9voluer.<\/p><h3>3 \u2013 Liens hypertextes et cookies<\/h3><p>Le site <a href=\"https:\/\/groupegh.com\/\">www.groupegh.com<\/a> contient des liens hypertextes vers d\u2019autres sites n\u2019\u00e9tant pas sous le contr\u00f4le de Groupe GH. Par cons\u00e9quent, Groupe GH n\u2019assumera aucune responsabilit\u00e9 concernant leur contenu.<\/p><p>Lors de la navigation sur <a href=\"https:\/\/groupegh.com\/\">www.groupegh.com<\/a>, il est possible que des cookies soient install\u00e9s. Un cookie est un fichier de faible taille, qui peut \u00eatre install\u00e9 sur l\u2019ordinateur de l\u2019utilisateur lors de la visite d\u2019un site. Celui-ci ne recueille pas de donn\u00e9es d\u2019identification de l\u2019utilisateur, mais simplement des donn\u00e9es de navigation sur le site, qui ont pour but de faciliter une navigation ult\u00e9rieure.<\/p><p>Cependant, l\u2019utilisateur a la possibilit\u00e9 de configurer son navigateur pour emp\u00eacher l\u2019installation des cookies, dans les pr\u00e9f\u00e9rences \/ options internet (selon le navigateur). N\u00e9anmoins, cela peut provoquer l\u2019impossibilit\u00e9 d\u2019acc\u00e9der \u00e0 des services.<\/p><h3>4 \u2013 Propri\u00e9t\u00e9 intellectuelle<\/h3><p>Les \u00e9l\u00e9ments accessibles de ce site (textes, images, logo et ic\u00f4nes) sont la propri\u00e9t\u00e9 de Groupe GH ou d\u2019un auteur qui a c\u00e9d\u00e9 \u00e0 Groupe GH les droits d\u2019utilisation.<\/p><p>Le contenu du site et les mentions l\u00e9gales sont tenus \u00e0 jour par Groupe GH. L\u2019utilisateur est r\u00e9put\u00e9 avoir pris connaissance de la derni\u00e8re version des mentions l\u00e9gales lors de toute visite du site.<\/p><h3>5 \u2013 Traitement des donn\u00e9es personnelles<\/h3><p>Conform\u00e9ment \u00e0 la loi \u00ab informatique et libert\u00e9s \u00bb du 6 janvier 1978, ce site Web respecte les obligations exig\u00e9es par la CNIL : ces obligations ont maintenant \u00e9volu\u00e9 pour \u00eatre conforme au r\u00e8glement n\u00b0 2016\/679, dit R\u00e8glement G\u00e9n\u00e9ral sur la Protection des Donn\u00e9es (RGPD), adopt\u00e9 par le Parlement europ\u00e9en le 14 avril 2016 et en vigueur depuis le 25 mai 2018.<\/p><p>Les donn\u00e9es num\u00e9riques sont prot\u00e9g\u00e9es et r\u00e9guli\u00e8rement sauvegard\u00e9es sur un serveur s\u00e9curis\u00e9 : les intervenants et l\u2019environnement technique du site respectent la politique de s\u00e9curit\u00e9 des donn\u00e9es en termes de confidentialit\u00e9, d\u2019int\u00e9grit\u00e9, de disponibilit\u00e9 et de r\u00e9silience des syst\u00e8mes d\u2019information et des services de traitement.<\/p><p>Les informations statistiques ou donn\u00e9es personnelles recueillies par le biais de nos formulaires de contact n\u2019ont d\u2019autre but que de renseigner et de pouvoir r\u00e9pondre aux interrogations des internautes. Aucune information personnelle n\u2019est c\u00e9d\u00e9e \u00e0 des tiers ou utilis\u00e9e en dehors de l\u2019Union Europ\u00e9enne. Vous pouvez vous opposer \u00e0 tout moment \u00e0 l\u2019utilisation de vos donn\u00e9es ou en savoir plus sur leur historique ou usage s\u2019il y a lieu en nous contactant aux coordonn\u00e9es ci-dessous.<\/p><p>Vis-\u00e0-vis de ces donn\u00e9es, les internautes b\u00e9n\u00e9ficient \u00e9galement du Droit d\u2019acc\u00e8s, Droit \u00e0 la rectification, Droit \u00e0 la limitation, Droit \u00e0 l\u2019oubli, Droit \u00e0 l\u2019effacement, Droit \u00e0 la portabilit\u00e9.<\/p><p>Si vous souhaitez exercer un de ces droits (pour des motifs l\u00e9gitimes), veuillez nous contacter via les coordonn\u00e9es ci-dessous ou via notre page de Contact :<\/p><p><strong>Groupe GH<\/strong><br \/>5 Quai de la Sa\u00f4ne<br \/>76600 Le Havre<br \/>T\u00e9l. +33 2 32 72 72 07<br \/>contact@groupegh.com<\/p><h3>6 \u2013 Limitations de responsabilit\u00e9<\/h3><p>Groupe GH ne pourra \u00eatre tenue responsable de l\u2019utilisation du site qui pourrait en \u00eatre faite, ni des dommages directs ou indirects qui pourraient en d\u00e9couler, r\u00e9sultant d\u2019un appareil d\u00e9fectueux, d\u2019une incompatibilit\u00e9 ou de l\u2019apparition d\u2019un bug.<\/p><h3>7 \u2013 Droit applicable et attribution de juridiction<\/h3><p>Le droit fran\u00e7ais s\u2019applique. Les tribunaux de Paris sont seuls comp\u00e9tents pour g\u00e9rer un litige entre un utilisateur et le propri\u00e9taire de ce site.<\/p><\/div><\/div><footer id=\"site-footer\" class=\"site-footer\"><div class=\"site-footer--top\"><div class=\"container\"><div class=\"footer-col1 footer-col\"><a href=\"https:\/\/groupegh.com\/\">contact@groupegh.com<\/a><\/div><\/div><\/div><\/footer>\t\t\t\t\t\t\t\t<\/div>\n\t\t\t\t<\/div>\n\t\t\t\t\t<\/div>\n\t\t\t\t<\/div>\n\t\t\t\t<\/div>\n\t\t","protected":false},"excerpt":{"rendered":"<p>Politique de confidentialit\u00e9 1 \u2013 Utilisation du site L\u2019utilisation du site www.groupegh.com implique l\u2019acceptation pleine et enti\u00e8re des pr\u00e9sentes conditions [&hellip;]<\/p>\n","protected":false},"author":1,"featured_media":0,"parent":0,"menu_order":0,"comment_status":"closed","ping_status":"closed","template":"","meta":{"site-sidebar-layout":"no-sidebar","site-content-layout":"","ast-site-content-layout":"full-width-container","site-content-style":"default","site-sidebar-style":"default","ast-global-header-display":"","ast-banner-title-visibility":"","ast-main-header-display":"","ast-hfb-above-header-display":"","ast-hfb-below-header-display":"","ast-hfb-mobile-header-display":"","site-post-title":"disabled","ast-breadcrumbs-content":"","ast-featured-img":"disabled","footer-sml-layout":"","ast-disable-related-posts":"","theme-transparent-header-meta":"","adv-header-id-meta":"","stick-header-meta":"","header-above-stick-meta":"","header-main-stick-meta":"","header-below-stick-meta":"","astra-migrate-meta-layouts":"default","ast-page-background-enabled":"default","ast-page-background-meta":{"desktop":{"background-color":"var(--ast-global-color-5)","background-image":"","background-repeat":"repeat","background-position":"center center","background-size":"auto","background-attachment":"scroll","background-type":"","background-media":"","overlay-type":"","overlay-color":"","overlay-opacity":"","overlay-gradient":""},"tablet":{"background-color":"","background-image":"","background-repeat":"repeat","background-position":"center center","background-size":"auto","background-attachment":"scroll","background-type":"","background-media":"","overlay-type":"","overlay-color":"","overlay-opacity":"","overlay-gradient":""},"mobile":{"background-color":"","background-image":"","background-repeat":"repeat","background-position":"center center","background-size":"auto","background-attachment":"scroll","background-type":"","background-media":"","overlay-type":"","overlay-color":"","overlay-opacity":"","overlay-gradient":""}},"ast-content-background-meta":{"desktop":{"background-color":"var(--ast-global-color-4)","background-image":"","background-repeat":"repeat","background-position":"center center","background-size":"auto","background-attachment":"scroll","background-type":"","background-media":"","overlay-type":"","overlay-color":"","overlay-opacity":"","overlay-gradient":""},"tablet":{"background-color":"var(--ast-global-color-4)","background-image":"","background-repeat":"repeat","background-position":"center center","background-size":"auto","background-attachment":"scroll","background-type":"","background-media":"","overlay-type":"","overlay-color":"","overlay-opacity":"","overlay-gradient":""},"mobile":{"background-color":"var(--ast-global-color-4)","background-image":"","background-repeat":"repeat","background-position":"center center","background-size":"auto","background-attachment":"scroll","background-type":"","background-media":"","overlay-type":"","overlay-color":"","overlay-opacity":"","overlay-gradient":""}},"footnotes":""},"class_list":["post-1371","page","type-page","status-publish","hentry"],"yoast_head":"<!-- This site is optimized with the Yoast SEO plugin v26.9 - https:\/\/yoast.com\/product\/yoast-seo-wordpress\/ -->\n<title>Politique de confidentialit\u00e9 - Groupe GH<\/title>\n<meta name=\"robots\" content=\"index, follow, max-snippet:-1, max-image-preview:large, max-video-preview:-1\" \/>\n<link rel=\"canonical\" href=\"https:\/\/groupegh.com\/politique-de-confidentialite-test\/\" \/>\n<meta property=\"og:locale\" content=\"fr_FR\" \/>\n<meta property=\"og:type\" content=\"article\" \/>\n<meta property=\"og:title\" content=\"Politique de confidentialit\u00e9 - Groupe GH\" \/>\n<meta property=\"og:description\" content=\"Politique de confidentialit\u00e9 1 \u2013 Utilisation du site L\u2019utilisation du site www.groupegh.com implique l\u2019acceptation pleine et enti\u00e8re des pr\u00e9sentes conditions [&hellip;]\" \/>\n<meta property=\"og:url\" content=\"https:\/\/groupegh.com\/politique-de-confidentialite-test\/\" \/>\n<meta property=\"og:site_name\" content=\"Groupe GH\" \/>\n<meta property=\"article:modified_time\" content=\"2025-03-13T14:39:14+00:00\" \/>\n<meta name=\"twitter:card\" content=\"summary_large_image\" \/>\n<meta name=\"twitter:label1\" content=\"Dur\u00e9e de lecture estim\u00e9e\" \/>\n\t<meta name=\"twitter:data1\" content=\"4 minutes\" \/>\n<script type=\"application\/ld+json\" class=\"yoast-schema-graph\">{\"@context\":\"https:\/\/schema.org\",\"@graph\":[{\"@type\":\"WebPage\",\"@id\":\"https:\/\/groupegh.com\/politique-de-confidentialite-test\/\",\"url\":\"https:\/\/groupegh.com\/politique-de-confidentialite-test\/\",\"name\":\"Politique de confidentialit\u00e9 - Groupe GH\",\"isPartOf\":{\"@id\":\"https:\/\/groupegh.com\/#website\"},\"datePublished\":\"2025-02-20T16:44:05+00:00\",\"dateModified\":\"2025-03-13T14:39:14+00:00\",\"breadcrumb\":{\"@id\":\"https:\/\/groupegh.com\/politique-de-confidentialite-test\/#breadcrumb\"},\"inLanguage\":\"fr-FR\",\"potentialAction\":[{\"@type\":\"ReadAction\",\"target\":[\"https:\/\/groupegh.com\/politique-de-confidentialite-test\/\"]}]},{\"@type\":\"BreadcrumbList\",\"@id\":\"https:\/\/groupegh.com\/politique-de-confidentialite-test\/#breadcrumb\",\"itemListElement\":[{\"@type\":\"ListItem\",\"position\":1,\"name\":\"Accueil\",\"item\":\"https:\/\/groupegh.com\/\"},{\"@type\":\"ListItem\",\"position\":2,\"name\":\"Politique de confidentialit\u00e9\"}]},{\"@type\":\"WebSite\",\"@id\":\"https:\/\/groupegh.com\/#website\",\"url\":\"https:\/\/groupegh.com\/\",\"name\":\"Groupe GH\",\"description\":\"\",\"publisher\":{\"@id\":\"https:\/\/groupegh.com\/#organization\"},\"potentialAction\":[{\"@type\":\"SearchAction\",\"target\":{\"@type\":\"EntryPoint\",\"urlTemplate\":\"https:\/\/groupegh.com\/?s={search_term_string}\"},\"query-input\":{\"@type\":\"PropertyValueSpecification\",\"valueRequired\":true,\"valueName\":\"search_term_string\"}}],\"inLanguage\":\"fr-FR\"},{\"@type\":\"Organization\",\"@id\":\"https:\/\/groupegh.com\/#organization\",\"name\":\"Groupe GH\",\"url\":\"https:\/\/groupegh.com\/\",\"logo\":{\"@type\":\"ImageObject\",\"inLanguage\":\"fr-FR\",\"@id\":\"https:\/\/groupegh.com\/#\/schema\/logo\/image\/\",\"url\":\"https:\/\/groupegh.com\/wp-content\/uploads\/2025\/03\/LOGO-GROUPE-FULL-BLANC.png\",\"contentUrl\":\"https:\/\/groupegh.com\/wp-content\/uploads\/2025\/03\/LOGO-GROUPE-FULL-BLANC.png\",\"width\":1874,\"height\":650,\"caption\":\"Groupe GH\"},\"image\":{\"@id\":\"https:\/\/groupegh.com\/#\/schema\/logo\/image\/\"}}]}<\/script>\n<!-- \/ Yoast SEO plugin. -->","yoast_head_json":{"title":"Politique de confidentialit\u00e9 - Groupe GH","robots":{"index":"index","follow":"follow","max-snippet":"max-snippet:-1","max-image-preview":"max-image-preview:large","max-video-preview":"max-video-preview:-1"},"canonical":"https:\/\/groupegh.com\/politique-de-confidentialite-test\/","og_locale":"fr_FR","og_type":"article","og_title":"Politique de confidentialit\u00e9 - Groupe GH","og_description":"Politique de confidentialit\u00e9 1 \u2013 Utilisation du site L\u2019utilisation du site www.groupegh.com implique l\u2019acceptation pleine et enti\u00e8re des pr\u00e9sentes conditions [&hellip;]","og_url":"https:\/\/groupegh.com\/politique-de-confidentialite-test\/","og_site_name":"Groupe GH","article_modified_time":"2025-03-13T14:39:14+00:00","twitter_card":"summary_large_image","twitter_misc":{"Dur\u00e9e de lecture estim\u00e9e":"4 minutes"},"schema":{"@context":"https:\/\/schema.org","@graph":[{"@type":"WebPage","@id":"https:\/\/groupegh.com\/politique-de-confidentialite-test\/","url":"https:\/\/groupegh.com\/politique-de-confidentialite-test\/","name":"Politique de confidentialit\u00e9 - Groupe GH","isPartOf":{"@id":"https:\/\/groupegh.com\/#website"},"datePublished":"2025-02-20T16:44:05+00:00","dateModified":"2025-03-13T14:39:14+00:00","breadcrumb":{"@id":"https:\/\/groupegh.com\/politique-de-confidentialite-test\/#breadcrumb"},"inLanguage":"fr-FR","potentialAction":[{"@type":"ReadAction","target":["https:\/\/groupegh.com\/politique-de-confidentialite-test\/"]}]},{"@type":"BreadcrumbList","@id":"https:\/\/groupegh.com\/politique-de-confidentialite-test\/#breadcrumb","itemListElement":[{"@type":"ListItem","position":1,"name":"Accueil","item":"https:\/\/groupegh.com\/"},{"@type":"ListItem","position":2,"name":"Politique de confidentialit\u00e9"}]},{"@type":"WebSite","@id":"https:\/\/groupegh.com\/#website","url":"https:\/\/groupegh.com\/","name":"Groupe GH","description":"","publisher":{"@id":"https:\/\/groupegh.com\/#organization"},"potentialAction":[{"@type":"SearchAction","target":{"@type":"EntryPoint","urlTemplate":"https:\/\/groupegh.com\/?s={search_term_string}"},"query-input":{"@type":"PropertyValueSpecification","valueRequired":true,"valueName":"search_term_string"}}],"inLanguage":"fr-FR"},{"@type":"Organization","@id":"https:\/\/groupegh.com\/#organization","name":"Groupe GH","url":"https:\/\/groupegh.com\/","logo":{"@type":"ImageObject","inLanguage":"fr-FR","@id":"https:\/\/groupegh.com\/#\/schema\/logo\/image\/","url":"https:\/\/groupegh.com\/wp-content\/uploads\/2025\/03\/LOGO-GROUPE-FULL-BLANC.png","contentUrl":"https:\/\/groupegh.com\/wp-content\/uploads\/2025\/03\/LOGO-GROUPE-FULL-BLANC.png","width":1874,"height":650,"caption":"Groupe GH"},"image":{"@id":"https:\/\/groupegh.com\/#\/schema\/logo\/image\/"}}]}},"_links":{"self":[{"href":"https:\/\/groupegh.com\/wp-json\/wp\/v2\/pages\/1371","targetHints":{"allow":["GET"]}}],"collection":[{"href":"https:\/\/groupegh.com\/wp-json\/wp\/v2\/pages"}],"about":[{"href":"https:\/\/groupegh.com\/wp-json\/wp\/v2\/types\/page"}],"author":[{"embeddable":true,"href":"https:\/\/groupegh.com\/wp-json\/wp\/v2\/users\/1"}],"replies":[{"embeddable":true,"href":"https:\/\/groupegh.com\/wp-json\/wp\/v2\/comments?post=1371"}],"version-history":[{"count":31,"href":"https:\/\/groupegh.com\/wp-json\/wp\/v2\/pages\/1371\/revisions"}],"predecessor-version":[{"id":1886,"href":"https:\/\/groupegh.com\/wp-json\/wp\/v2\/pages\/1371\/revisions\/1886"}],"wp:attachment":[{"href":"https:\/\/groupegh.com\/wp-json\/wp\/v2\/media?parent=1371"}],"curies":[{"name":"wp","href":"https:\/\/api.w.org\/{rel}","templated":true}]}}